{"id":25477,"date":"2025-05-30T15:33:55","date_gmt":"2025-05-30T13:33:55","guid":{"rendered":"https:\/\/flatmaningatlan.hu\/?page_id=25477"},"modified":"2025-05-30T17:26:33","modified_gmt":"2025-05-30T15:26:33","slug":"blog","status":"publish","type":"page","link":"https:\/\/flatmaningatlan.hu\/en\/blog\/","title":{"rendered":"Blog"},"content":{"rendered":"<div data-elementor-type=\"wp-page\" data-elementor-id=\"25477\" class=\"elementor elementor-25477\" data-elementor-post-type=\"page\">\n\t\t\t\t<div class=\"elementor-element elementor-element-e97555f e-flex e-con-boxed e-con e-parent\" data-id=\"e97555f\" data-element_type=\"container\" data-e-type=\"container\">\n\t\t\t\t\t<div class=\"e-con-inner\">\n\t\t\t\t<div class=\"elementor-element elementor-element-5f79f0d elementor-grid-3 elementor-grid-tablet-2 elementor-grid-mobile-1 elementor-posts--thumbnail-top elementor-card-shadow-yes elementor-posts__hover-gradient elementor-widget elementor-widget-posts\" data-id=\"5f79f0d\" data-element_type=\"widget\" data-e-type=\"widget\" data-settings=\"{&quot;cards_columns&quot;:&quot;3&quot;,&quot;cards_columns_tablet&quot;:&quot;2&quot;,&quot;cards_columns_mobile&quot;:&quot;1&quot;,&quot;cards_row_gap&quot;:{&quot;unit&quot;:&quot;px&quot;,&quot;size&quot;:35,&quot;sizes&quot;:[]},&quot;cards_row_gap_widescreen&quot;:{&quot;unit&quot;:&quot;px&quot;,&quot;size&quot;:&quot;&quot;,&quot;sizes&quot;:[]},&quot;cards_row_gap_laptop&quot;:{&quot;unit&quot;:&quot;px&quot;,&quot;size&quot;:&quot;&quot;,&quot;sizes&quot;:[]},&quot;cards_row_gap_tablet_extra&quot;:{&quot;unit&quot;:&quot;px&quot;,&quot;size&quot;:&quot;&quot;,&quot;sizes&quot;:[]},&quot;cards_row_gap_tablet&quot;:{&quot;unit&quot;:&quot;px&quot;,&quot;size&quot;:&quot;&quot;,&quot;sizes&quot;:[]},&quot;cards_row_gap_mobile_extra&quot;:{&quot;unit&quot;:&quot;px&quot;,&quot;size&quot;:&quot;&quot;,&quot;sizes&quot;:[]},&quot;cards_row_gap_mobile&quot;:{&quot;unit&quot;:&quot;px&quot;,&quot;size&quot;:&quot;&quot;,&quot;sizes&quot;:[]}}\" data-widget_type=\"posts.cards\">\n\t\t\t\t<div class=\"elementor-widget-container\">\n\t\t\t\t\t\t\t<div class=\"elementor-posts-container elementor-posts elementor-posts--skin-cards elementor-grid\" role=\"list\">\n\t\t\t\t<article class=\"elementor-post elementor-grid-item post-25626 post type-post status-publish format-standard hentry category-blog\" role=\"listitem\">\n\t\t\t<div class=\"elementor-post__card\">\n\t\t\t\t<div class=\"elementor-post__text\">\n\t\t\t\t<h3 class=\"elementor-post__title\">\n\t\t\t<a href=\"https:\/\/flatmaningatlan.hu\/en\/lakaskiadas-adozasa-2025-ben-igy-adozz-a-berbeadasbol-szarmazo-jovedelem-utan\/\" >\n\t\t\t\tLak\u00e1skiad\u00e1s ad\u00f3z\u00e1sa 2025-ben \u2013 \u00cdgy ad\u00f3zz a b\u00e9rbead\u00e1sb\u00f3l sz\u00e1rmaz\u00f3 j\u00f6vedelem ut\u00e1n\t\t\t<\/a>\n\t\t<\/h3>\n\t\t\n\t\t<a class=\"elementor-post__read-more\" href=\"https:\/\/flatmaningatlan.hu\/en\/lakaskiadas-adozasa-2025-ben-igy-adozz-a-berbeadasbol-szarmazo-jovedelem-utan\/\" aria-label=\"Read more about Lak\u00e1skiad\u00e1s ad\u00f3z\u00e1sa 2025-ben \u2013 \u00cdgy ad\u00f3zz a b\u00e9rbead\u00e1sb\u00f3l sz\u00e1rmaz\u00f3 j\u00f6vedelem ut\u00e1n\" tabindex=\"-1\" >\n\t\t\tElolvasom &gt;&gt;\t\t<\/a>\n\n\t\t\t\t<\/div>\n\t\t\t\t\t<\/div>\n\t\t<\/article>\n\t\t\t\t<article class=\"elementor-post elementor-grid-item post-24589 post type-post status-publish format-standard hentry category-blog\" role=\"listitem\">\n\t\t\t<div class=\"elementor-post__card\">\n\t\t\t\t<div class=\"elementor-post__text\">\n\t\t\t\t<h3 class=\"elementor-post__title\">\n\t\t\t<a href=\"https:\/\/flatmaningatlan.hu\/en\/miert-fontos-a-kaucio-lakasberlet-eseten\/\" >\n\t\t\t\tMit \u00e9rdemes tudni a kauci\u00f3r\u00f3l b\u00e9rbead\u00e1s eset\u00e9n?\t\t\t<\/a>\n\t\t<\/h3>\n\t\t\n\t\t<a class=\"elementor-post__read-more\" href=\"https:\/\/flatmaningatlan.hu\/en\/miert-fontos-a-kaucio-lakasberlet-eseten\/\" aria-label=\"Read more about Mit \u00e9rdemes tudni a kauci\u00f3r\u00f3l b\u00e9rbead\u00e1s eset\u00e9n?\" tabindex=\"-1\" >\n\t\t\tElolvasom &gt;&gt;\t\t<\/a>\n\n\t\t\t\t<\/div>\n\t\t\t\t\t<\/div>\n\t\t<\/article>\n\t\t\t\t<article class=\"elementor-post elementor-grid-item post-24858 post type-post status-publish format-standard hentry category-blog\" role=\"listitem\">\n\t\t\t<div class=\"elementor-post__card\">\n\t\t\t\t<div class=\"elementor-post__text\">\n\t\t\t\t<h3 class=\"elementor-post__title\">\n\t\t\t<a href=\"https:\/\/flatmaningatlan.hu\/en\/milyen-formai-vannak-a-kozjegyzoi-okiratnak-lakasberlet-eseten\/\" >\n\t\t\t\tMilyen form\u00e1i vannak a k\u00f6zjegyz\u0151i okiratnak b\u00e9rbead\u00e1s eset\u00e9n?\t\t\t<\/a>\n\t\t<\/h3>\n\t\t\n\t\t<a class=\"elementor-post__read-more\" href=\"https:\/\/flatmaningatlan.hu\/en\/milyen-formai-vannak-a-kozjegyzoi-okiratnak-lakasberlet-eseten\/\" aria-label=\"Read more about Milyen form\u00e1i vannak a k\u00f6zjegyz\u0151i okiratnak b\u00e9rbead\u00e1s eset\u00e9n?\" tabindex=\"-1\" >\n\t\t\tElolvasom &gt;&gt;\t\t<\/a>\n\n\t\t\t\t<\/div>\n\t\t\t\t\t<\/div>\n\t\t<\/article>\n\t\t\t\t<article class=\"elementor-post elementor-grid-item post-24576 post type-post status-publish format-standard hentry category-blog\" role=\"listitem\">\n\t\t\t<div class=\"elementor-post__card\">\n\t\t\t\t<div class=\"elementor-post__text\">\n\t\t\t\t<h3 class=\"elementor-post__title\">\n\t\t\t<a href=\"https:\/\/flatmaningatlan.hu\/en\/egyoldalu-kikoltozesi-nyilatkozat-a-legelterjedtebb-kozjegyzoi-okirati-forma-lakasberlet-eseten\/\" >\n\t\t\t\tMit \u00e9rdemes tudni az egyoldal\u00fa kik\u00f6lt\u00f6z\u00e9si nyilatkozatr\u00f3l b\u00e9rbead\u00e1s eset\u00e9n?\t\t\t<\/a>\n\t\t<\/h3>\n\t\t\n\t\t<a class=\"elementor-post__read-more\" href=\"https:\/\/flatmaningatlan.hu\/en\/egyoldalu-kikoltozesi-nyilatkozat-a-legelterjedtebb-kozjegyzoi-okirati-forma-lakasberlet-eseten\/\" aria-label=\"Read more about Mit \u00e9rdemes tudni az egyoldal\u00fa kik\u00f6lt\u00f6z\u00e9si nyilatkozatr\u00f3l b\u00e9rbead\u00e1s eset\u00e9n?\" tabindex=\"-1\" >\n\t\t\tElolvasom &gt;&gt;\t\t<\/a>\n\n\t\t\t\t<\/div>\n\t\t\t\t\t<\/div>\n\t\t<\/article>\n\t\t\t\t<\/div>\n\t\t\n\t\t\t\t\t\t<\/div>\n\t\t\t\t<\/div>\n\t\t\t\t\t<\/div>\n\t\t\t\t<\/div>\n\t\t\t\t<\/div>","protected":false},"excerpt":{"rendered":"","protected":false},"author":1,"featured_media":0,"parent":0,"menu_order":0,"comment_status":"closed","ping_status":"closed","template":"","meta":{"footnotes":""},"class_list":["post-25477","page","type-page","status-publish","hentry"],"yoast_head":"<!-- This site is optimized with the Yoast SEO Premium plugin v27.4 (Yoast SEO v27.4) - https:\/\/yoast.com\/product\/yoast-seo-premium-wordpress\/ -->\n<title>Blog - Flatman Ingatlan<\/title>\n<meta name=\"robots\" content=\"index, follow, max-snippet:-1, max-image-preview:large, max-video-preview:-1\" \/>\n<link rel=\"canonical\" href=\"https:\/\/flatmaningatlan.hu\/en\/blog\/\" \/>\n<meta property=\"og:locale\" content=\"en_GB\" \/>\n<meta property=\"og:type\" content=\"article\" \/>\n<meta property=\"og:title\" content=\"Blog\" \/>\n<meta property=\"og:url\" content=\"https:\/\/flatmaningatlan.hu\/en\/blog\/\" \/>\n<meta property=\"og:site_name\" content=\"Flatman Ingatlan\" \/>\n<meta property=\"article:modified_time\" content=\"2025-05-30T15:26:33+00:00\" \/>\n<meta name=\"twitter:card\" content=\"summary_large_image\" \/>\n<meta name=\"twitter:label1\" content=\"Estimated reading time\" \/>\n\t<meta name=\"twitter:data1\" content=\"1 minute\" \/>\n<script type=\"application\/ld+json\" class=\"yoast-schema-graph\">{\"@context\":\"https:\\\/\\\/schema.org\",\"@graph\":[{\"@type\":\"WebPage\",\"@id\":\"https:\\\/\\\/flatmaningatlan.hu\\\/blog\\\/\",\"url\":\"https:\\\/\\\/flatmaningatlan.hu\\\/blog\\\/\",\"name\":\"Blog - Flatman Ingatlan\",\"isPartOf\":{\"@id\":\"https:\\\/\\\/flatmaningatlan.hu\\\/#website\"},\"datePublished\":\"2025-05-30T13:33:55+00:00\",\"dateModified\":\"2025-05-30T15:26:33+00:00\",\"breadcrumb\":{\"@id\":\"https:\\\/\\\/flatmaningatlan.hu\\\/blog\\\/#breadcrumb\"},\"inLanguage\":\"en-GB\",\"potentialAction\":[{\"@type\":\"ReadAction\",\"target\":[\"https:\\\/\\\/flatmaningatlan.hu\\\/blog\\\/\"]}]},{\"@type\":\"BreadcrumbList\",\"@id\":\"https:\\\/\\\/flatmaningatlan.hu\\\/blog\\\/#breadcrumb\",\"itemListElement\":[{\"@type\":\"ListItem\",\"position\":1,\"name\":\"Kezd\u0151lap\",\"item\":\"https:\\\/\\\/flatmaningatlan.hu\\\/\"},{\"@type\":\"ListItem\",\"position\":2,\"name\":\"Blog\"}]},{\"@type\":\"WebSite\",\"@id\":\"https:\\\/\\\/flatmaningatlan.hu\\\/#website\",\"url\":\"https:\\\/\\\/flatmaningatlan.hu\\\/\",\"name\":\"Flatman Ingatlan\",\"description\":\"Ingatlank\u00f6zvet\u00edt\u00e9s, ingatlan b\u00e9rbead\u00e1s Budapesten\",\"publisher\":{\"@id\":\"https:\\\/\\\/flatmaningatlan.hu\\\/#\\\/schema\\\/person\\\/97c24fe928506f56a0e584534765f477\"},\"potentialAction\":[{\"@type\":\"SearchAction\",\"target\":{\"@type\":\"EntryPoint\",\"urlTemplate\":\"https:\\\/\\\/flatmaningatlan.hu\\\/?s={search_term_string}\"},\"query-input\":{\"@type\":\"PropertyValueSpecification\",\"valueRequired\":true,\"valueName\":\"search_term_string\"}}],\"inLanguage\":\"en-GB\"},{\"@type\":[\"Person\",\"Organization\"],\"@id\":\"https:\\\/\\\/flatmaningatlan.hu\\\/#\\\/schema\\\/person\\\/97c24fe928506f56a0e584534765f477\",\"name\":\"Karner P\u00e9ter\",\"image\":{\"@type\":\"ImageObject\",\"inLanguage\":\"en-GB\",\"@id\":\"https:\\\/\\\/flatmaningatlan.hu\\\/wp-content\\\/uploads\\\/2024\\\/11\\\/flatmanprofilecard-2.jpeg\",\"url\":\"https:\\\/\\\/flatmaningatlan.hu\\\/wp-content\\\/uploads\\\/2024\\\/11\\\/flatmanprofilecard-2.jpeg\",\"contentUrl\":\"https:\\\/\\\/flatmaningatlan.hu\\\/wp-content\\\/uploads\\\/2024\\\/11\\\/flatmanprofilecard-2.jpeg\",\"width\":459,\"height\":459,\"caption\":\"Karner P\u00e9ter\"},\"logo\":{\"@id\":\"https:\\\/\\\/flatmaningatlan.hu\\\/wp-content\\\/uploads\\\/2024\\\/11\\\/flatmanprofilecard-2.jpeg\"},\"sameAs\":[\"https:\\\/\\\/flatmaningatlan.hu\"],\"publishingPrinciples\":\"https:\\\/\\\/flatmaningatlan.hu\\\/privacy-policy\\\/\",\"ownershipFundingInfo\":\"https:\\\/\\\/flatmaningatlan.hu\\\/privacy-policy\\\/\"}]}<\/script>\n<!-- \/ Yoast SEO Premium plugin. -->","yoast_head_json":{"title":"Blog - Flatman Ingatlan","robots":{"index":"index","follow":"follow","max-snippet":"max-snippet:-1","max-image-preview":"max-image-preview:large","max-video-preview":"max-video-preview:-1"},"canonical":"https:\/\/flatmaningatlan.hu\/en\/blog\/","og_locale":"en_GB","og_type":"article","og_title":"Blog","og_url":"https:\/\/flatmaningatlan.hu\/en\/blog\/","og_site_name":"Flatman Ingatlan","article_modified_time":"2025-05-30T15:26:33+00:00","twitter_card":"summary_large_image","twitter_misc":{"Estimated reading time":"1 minute"},"schema":{"@context":"https:\/\/schema.org","@graph":[{"@type":"WebPage","@id":"https:\/\/flatmaningatlan.hu\/blog\/","url":"https:\/\/flatmaningatlan.hu\/blog\/","name":"Blog - Flatman Ingatlan","isPartOf":{"@id":"https:\/\/flatmaningatlan.hu\/#website"},"datePublished":"2025-05-30T13:33:55+00:00","dateModified":"2025-05-30T15:26:33+00:00","breadcrumb":{"@id":"https:\/\/flatmaningatlan.hu\/blog\/#breadcrumb"},"inLanguage":"en-GB","potentialAction":[{"@type":"ReadAction","target":["https:\/\/flatmaningatlan.hu\/blog\/"]}]},{"@type":"BreadcrumbList","@id":"https:\/\/flatmaningatlan.hu\/blog\/#breadcrumb","itemListElement":[{"@type":"ListItem","position":1,"name":"Kezd\u0151lap","item":"https:\/\/flatmaningatlan.hu\/"},{"@type":"ListItem","position":2,"name":"Blog"}]},{"@type":"WebSite","@id":"https:\/\/flatmaningatlan.hu\/#website","url":"https:\/\/flatmaningatlan.hu\/","name":"Flatman Ingatlan","description":"Realty services, property renting Budapest","publisher":{"@id":"https:\/\/flatmaningatlan.hu\/#\/schema\/person\/97c24fe928506f56a0e584534765f477"},"potentialAction":[{"@type":"SearchAction","target":{"@type":"EntryPoint","urlTemplate":"https:\/\/flatmaningatlan.hu\/?s={search_term_string}"},"query-input":{"@type":"PropertyValueSpecification","valueRequired":true,"valueName":"search_term_string"}}],"inLanguage":"en-GB"},{"@type":["Person","Organization"],"@id":"https:\/\/flatmaningatlan.hu\/#\/schema\/person\/97c24fe928506f56a0e584534765f477","name":"Peter Karner","image":{"@type":"ImageObject","inLanguage":"en-GB","@id":"https:\/\/flatmaningatlan.hu\/wp-content\/uploads\/2024\/11\/flatmanprofilecard-2.jpeg","url":"https:\/\/flatmaningatlan.hu\/wp-content\/uploads\/2024\/11\/flatmanprofilecard-2.jpeg","contentUrl":"https:\/\/flatmaningatlan.hu\/wp-content\/uploads\/2024\/11\/flatmanprofilecard-2.jpeg","width":459,"height":459,"caption":"Karner P\u00e9ter"},"logo":{"@id":"https:\/\/flatmaningatlan.hu\/wp-content\/uploads\/2024\/11\/flatmanprofilecard-2.jpeg"},"sameAs":["https:\/\/flatmaningatlan.hu"],"publishingPrinciples":"https:\/\/flatmaningatlan.hu\/privacy-policy\/","ownershipFundingInfo":"https:\/\/flatmaningatlan.hu\/privacy-policy\/"}]}},"_links":{"self":[{"href":"https:\/\/flatmaningatlan.hu\/en\/wp-json\/wp\/v2\/pages\/25477","targetHints":{"allow":["GET"]}}],"collection":[{"href":"https:\/\/flatmaningatlan.hu\/en\/wp-json\/wp\/v2\/pages"}],"about":[{"href":"https:\/\/flatmaningatlan.hu\/en\/wp-json\/wp\/v2\/types\/page"}],"author":[{"embeddable":true,"href":"https:\/\/flatmaningatlan.hu\/en\/wp-json\/wp\/v2\/users\/1"}],"replies":[{"embeddable":true,"href":"https:\/\/flatmaningatlan.hu\/en\/wp-json\/wp\/v2\/comments?post=25477"}],"version-history":[{"count":10,"href":"https:\/\/flatmaningatlan.hu\/en\/wp-json\/wp\/v2\/pages\/25477\/revisions"}],"predecessor-version":[{"id":25508,"href":"https:\/\/flatmaningatlan.hu\/en\/wp-json\/wp\/v2\/pages\/25477\/revisions\/25508"}],"wp:attachment":[{"href":"https:\/\/flatmaningatlan.hu\/en\/wp-json\/wp\/v2\/media?parent=25477"}],"curies":[{"name":"wp","href":"https:\/\/api.w.org\/{rel}","templated":true}]}}