{"id":23739,"date":"2024-01-22T19:53:06","date_gmt":"2024-01-22T18:53:06","guid":{"rendered":"https:\/\/flatmaningatlan.hu\/?page_id=23739"},"modified":"2025-01-02T21:35:12","modified_gmt":"2025-01-02T20:35:12","slug":"contact-page","status":"publish","type":"page","link":"https:\/\/flatmaningatlan.hu\/en\/contact-page\/","title":{"rendered":"Contact"},"content":{"rendered":"<div data-elementor-type=\"wp-page\" data-elementor-id=\"23739\" class=\"elementor elementor-23739\" data-elementor-post-type=\"page\">\n\t\t\t\t<div class=\"elementor-element elementor-element-71f5013 e-flex e-con-boxed e-con e-parent\" data-id=\"71f5013\" data-element_type=\"container\" data-e-type=\"container\" data-settings=\"{&quot;background_background&quot;:&quot;classic&quot;}\">\n\t\t\t\t\t<div class=\"e-con-inner\">\n\t\t<div class=\"elementor-element elementor-element-008d8a5 e-con-full e-flex e-con e-child\" data-id=\"008d8a5\" data-element_type=\"container\" data-e-type=\"container\">\n\t\t\t\t<\/div>\n\t\t<div class=\"elementor-element elementor-element-f61c424 e-con-full animated-slow e-flex elementor-invisible e-con e-child\" data-id=\"f61c424\" data-element_type=\"container\" data-e-type=\"container\" data-settings=\"{&quot;background_background&quot;:&quot;classic&quot;,&quot;animation&quot;:&quot;zoomIn&quot;}\">\n\t\t\t\t<div class=\"elementor-element elementor-element-389a308e elementor-widget elementor-widget-heading\" data-id=\"389a308e\" data-element_type=\"widget\" data-e-type=\"widget\" data-widget_type=\"heading.default\">\n\t\t\t\t<div class=\"elementor-widget-container\">\n\t\t\t\t\t<h2 class=\"elementor-heading-title elementor-size-default\">Get in touch with me!<\/h2>\t\t\t\t<\/div>\n\t\t\t\t<\/div>\n\t\t\t\t<div class=\"elementor-element elementor-element-eb05062 elementor-button-align-stretch elementor-widget elementor-widget-houzez_elementor_contact_form\" data-id=\"eb05062\" data-element_type=\"widget\" data-e-type=\"widget\" data-widget_type=\"houzez_elementor_contact_form.default\">\n\t\t\t\t<div class=\"elementor-widget-container\">\n\t\t\t\t\t\n        <script type=\"application\/javascript\">\n            jQuery(document).bind(\"ready\", function () {\n                houzezValidateElementor(\"#houzez-form-eb05062\" );\n            });\n        <\/script>\n\n        <form class=\"elementor-form houzez-ele-form-js\" id=\"houzez-form-eb05062\" method=\"post\" name=\"Kapcsolat\" action=\"https:\/\/flatmaningatlan.hu\/wp-admin\/admin-ajax.php\">\n            <input type=\"hidden\" name=\"form_id\" value=\"eb05062\"\/>\n            <input type=\"hidden\" name=\"houzez_contact_form\" value=\"yes\"\/>\n            <input type=\"hidden\" name=\"action\" value=\"houzez_ele_contact_form\" \/>\n            <input type=\"hidden\" name=\"source_link\" value=\"https:\/\/flatmaningatlan.hu\/en\/contact-page\/\" \/>\n            <input type=\"hidden\" name=\"lead_page_id\" value=\"23739\" \/>\n            <input type=\"hidden\" name=\"webhook\" value=\"false\" \/>\n            <input type=\"hidden\" name=\"webhook_url\" value=\"\" \/>\n            <input type=\"hidden\" name=\"redirect_to\" value=\"\" \/>\n            <input type=\"hidden\" name=\"google_recaptcha\" value=\"yes\" \/>\n            \n\n            <div class=\"elementor-form-fields-wrapper elementor-labels-above\">\n\n                                    <div class=\"elementor-field-group elementor-column form-group elementor-field-group-name elementor-col-100 elementor-field-required elementor-mark-required\">\n                    <label for=\"form-field-name\" class=\"form-label elementor-field-label\">Full name<\/label><input type=\"text\" name=\"name\" id=\"form-field-name\" class=\"elementor-field form-control elementor-size-sm elementor-field-textual\" title=\"* Full name\" required=\"required\">                    <\/div>\n\n                                        <div class=\"elementor-field-group elementor-column form-group elementor-field-group-email elementor-col-100 elementor-field-required elementor-mark-required\">\n                    <label for=\"form-field-email\" class=\"form-label elementor-field-label\">Email address<\/label><input type=\"email\" name=\"email\" id=\"form-field-email\" class=\"elementor-field form-control elementor-size-sm elementor-field-textual\" title=\"* Email c\u00edm\" required=\"required\">                    <\/div>\n\n                                        <div class=\"elementor-field-group elementor-column form-group elementor-field-group-8c4434a elementor-col-100\">\n                    <label for=\"form-field-8c4434a\" class=\"form-label elementor-field-label\">Phone number<\/label><input type=\"text\" name=\"mobile\" id=\"form-field-8c4434a\" class=\"elementor-field form-control elementor-size-sm elementor-field-textual\" title=\"* Phone number\">                    <\/div>\n\n                                        <div class=\"elementor-field-group elementor-column form-group elementor-field-group-message elementor-col-100 elementor-field-required elementor-mark-required\">\n                    <label for=\"form-field-message\" class=\"form-label elementor-field-label\">Message<\/label><textarea class=\"elementor-field-textual elementor-field elementor-size-sm\" name=\"message\" id=\"form-field-message\" rows=\"4\" required=\"required\" title=\"* \u00dczenet\"><\/textarea>                    <\/div>\n\n                    \n                    \n                    \n                    <div class=\"form-group elementor-field-group elementor-col-100\">\n                        <label class=\"control control--checkbox m-0\">\n                                                        <input required type=\"checkbox\" name=\"gdpr_agreement\" id=\"gdpr_agreement\" aria-required=\"true\">\n                            <span class=\"control__indicator\"><\/span>\n                                                        <div class=\"gdpr-text-wrap\">\n                            I accept the Privacy Policy (GDPR)                            <\/div>\n                            \n                        <\/label>\n                    <\/div><!-- form-group -->\n                    \n                    \n                                        <div class=\"elementor-field-group\">\n                                            <\/div>\n                    \n                    <div class=\"elementor-field-group elementor-column elementor-field-type-submit elementor-col-100\">\n                    <button type=\"submit\" class=\"houzez-submit-button houzez-contact-form-js elementor-button elementor-size-sm\">\n                        <i class=\"houzez-loader-js houzez-hidden spinner-border spinner-border-sm\"><\/i>\n                                                    Send                                            <\/button>\n                <\/div>\n            <\/div><!-- End wrapper-->\n            <br\/>\n            <div class=\"ele-form-messages\"><\/div>\n            <div class=\"error-container\"><\/div>\n\n        <\/form>\n\n    \t\t\t\t<\/div>\n\t\t\t\t<\/div>\n\t\t\t\t<\/div>\n\t\t\t\t\t<\/div>\n\t\t\t\t<\/div>\n\t\t\t\t<\/div>","protected":false},"excerpt":{"rendered":"<p>L\u00e9pjen velem kapcsolatba! Teljes n\u00e9v Email c\u00edm Telefonsz\u00e1m \u00dczenet Elfogadom az oldal Adatv\u00e9delmi ir\u00e1nyelveit (GDPR) K\u00fcld\u00e9s<\/p>","protected":false},"author":1,"featured_media":0,"parent":0,"menu_order":0,"comment_status":"closed","ping_status":"closed","template":"elementor_header_footer","meta":{"footnotes":""},"class_list":["post-23739","page","type-page","status-publish","hentry"],"yoast_head":"<!-- This site is optimized with the Yoast SEO Premium plugin v27.4 (Yoast SEO v27.4) - https:\/\/yoast.com\/product\/yoast-seo-premium-wordpress\/ -->\n<title>Kapcsolat - Flatman Ingatlan<\/title>\n<meta name=\"robots\" content=\"index, follow, max-snippet:-1, max-image-preview:large, max-video-preview:-1\" \/>\n<link rel=\"canonical\" href=\"https:\/\/flatmaningatlan.hu\/en\/contact-page\/\" \/>\n<meta property=\"og:locale\" content=\"en_GB\" \/>\n<meta property=\"og:type\" content=\"article\" \/>\n<meta property=\"og:title\" content=\"Kapcsolat\" \/>\n<meta property=\"og:description\" content=\"L\u00e9pjen velem kapcsolatba! Teljes n\u00e9v Email c\u00edm Telefonsz\u00e1m \u00dczenet Elfogadom az oldal Adatv\u00e9delmi ir\u00e1nyelveit (GDPR) K\u00fcld\u00e9s\" \/>\n<meta property=\"og:url\" content=\"https:\/\/flatmaningatlan.hu\/en\/contact-page\/\" \/>\n<meta property=\"og:site_name\" content=\"Flatman Ingatlan\" \/>\n<meta property=\"article:modified_time\" content=\"2025-01-02T20:35:12+00:00\" \/>\n<meta name=\"twitter:card\" content=\"summary_large_image\" \/>\n<meta name=\"twitter:label1\" content=\"Estimated reading time\" \/>\n\t<meta name=\"twitter:data1\" content=\"1 minute\" \/>\n<script type=\"application\/ld+json\" class=\"yoast-schema-graph\">{\"@context\":\"https:\\\/\\\/schema.org\",\"@graph\":[{\"@type\":\"WebPage\",\"@id\":\"https:\\\/\\\/flatmaningatlan.hu\\\/contact-page\\\/\",\"url\":\"https:\\\/\\\/flatmaningatlan.hu\\\/contact-page\\\/\",\"name\":\"Kapcsolat - Flatman Ingatlan\",\"isPartOf\":{\"@id\":\"https:\\\/\\\/flatmaningatlan.hu\\\/#website\"},\"datePublished\":\"2024-01-22T18:53:06+00:00\",\"dateModified\":\"2025-01-02T20:35:12+00:00\",\"breadcrumb\":{\"@id\":\"https:\\\/\\\/flatmaningatlan.hu\\\/contact-page\\\/#breadcrumb\"},\"inLanguage\":\"en-GB\",\"potentialAction\":[{\"@type\":\"ReadAction\",\"target\":[\"https:\\\/\\\/flatmaningatlan.hu\\\/contact-page\\\/\"]}]},{\"@type\":\"BreadcrumbList\",\"@id\":\"https:\\\/\\\/flatmaningatlan.hu\\\/contact-page\\\/#breadcrumb\",\"itemListElement\":[{\"@type\":\"ListItem\",\"position\":1,\"name\":\"Kezd\u0151lap\",\"item\":\"https:\\\/\\\/flatmaningatlan.hu\\\/\"},{\"@type\":\"ListItem\",\"position\":2,\"name\":\"Kapcsolat\"}]},{\"@type\":\"WebSite\",\"@id\":\"https:\\\/\\\/flatmaningatlan.hu\\\/#website\",\"url\":\"https:\\\/\\\/flatmaningatlan.hu\\\/\",\"name\":\"Flatman Ingatlan\",\"description\":\"Ingatlank\u00f6zvet\u00edt\u00e9s, ingatlan b\u00e9rbead\u00e1s Budapesten\",\"publisher\":{\"@id\":\"https:\\\/\\\/flatmaningatlan.hu\\\/#\\\/schema\\\/person\\\/97c24fe928506f56a0e584534765f477\"},\"potentialAction\":[{\"@type\":\"SearchAction\",\"target\":{\"@type\":\"EntryPoint\",\"urlTemplate\":\"https:\\\/\\\/flatmaningatlan.hu\\\/?s={search_term_string}\"},\"query-input\":{\"@type\":\"PropertyValueSpecification\",\"valueRequired\":true,\"valueName\":\"search_term_string\"}}],\"inLanguage\":\"en-GB\"},{\"@type\":[\"Person\",\"Organization\"],\"@id\":\"https:\\\/\\\/flatmaningatlan.hu\\\/#\\\/schema\\\/person\\\/97c24fe928506f56a0e584534765f477\",\"name\":\"Karner P\u00e9ter\",\"image\":{\"@type\":\"ImageObject\",\"inLanguage\":\"en-GB\",\"@id\":\"https:\\\/\\\/flatmaningatlan.hu\\\/wp-content\\\/uploads\\\/2024\\\/11\\\/flatmanprofilecard-2.jpeg\",\"url\":\"https:\\\/\\\/flatmaningatlan.hu\\\/wp-content\\\/uploads\\\/2024\\\/11\\\/flatmanprofilecard-2.jpeg\",\"contentUrl\":\"https:\\\/\\\/flatmaningatlan.hu\\\/wp-content\\\/uploads\\\/2024\\\/11\\\/flatmanprofilecard-2.jpeg\",\"width\":459,\"height\":459,\"caption\":\"Karner P\u00e9ter\"},\"logo\":{\"@id\":\"https:\\\/\\\/flatmaningatlan.hu\\\/wp-content\\\/uploads\\\/2024\\\/11\\\/flatmanprofilecard-2.jpeg\"},\"sameAs\":[\"https:\\\/\\\/flatmaningatlan.hu\"],\"publishingPrinciples\":\"https:\\\/\\\/flatmaningatlan.hu\\\/privacy-policy\\\/\",\"ownershipFundingInfo\":\"https:\\\/\\\/flatmaningatlan.hu\\\/privacy-policy\\\/\"}]}<\/script>\n<!-- \/ Yoast SEO Premium plugin. -->","yoast_head_json":{"title":"Kapcsolat - Flatman Ingatlan","robots":{"index":"index","follow":"follow","max-snippet":"max-snippet:-1","max-image-preview":"max-image-preview:large","max-video-preview":"max-video-preview:-1"},"canonical":"https:\/\/flatmaningatlan.hu\/en\/contact-page\/","og_locale":"en_GB","og_type":"article","og_title":"Kapcsolat","og_description":"L\u00e9pjen velem kapcsolatba! Teljes n\u00e9v Email c\u00edm Telefonsz\u00e1m \u00dczenet Elfogadom az oldal Adatv\u00e9delmi ir\u00e1nyelveit (GDPR) K\u00fcld\u00e9s","og_url":"https:\/\/flatmaningatlan.hu\/en\/contact-page\/","og_site_name":"Flatman Ingatlan","article_modified_time":"2025-01-02T20:35:12+00:00","twitter_card":"summary_large_image","twitter_misc":{"Estimated reading time":"1 minute"},"schema":{"@context":"https:\/\/schema.org","@graph":[{"@type":"WebPage","@id":"https:\/\/flatmaningatlan.hu\/contact-page\/","url":"https:\/\/flatmaningatlan.hu\/contact-page\/","name":"Kapcsolat - Flatman Ingatlan","isPartOf":{"@id":"https:\/\/flatmaningatlan.hu\/#website"},"datePublished":"2024-01-22T18:53:06+00:00","dateModified":"2025-01-02T20:35:12+00:00","breadcrumb":{"@id":"https:\/\/flatmaningatlan.hu\/contact-page\/#breadcrumb"},"inLanguage":"en-GB","potentialAction":[{"@type":"ReadAction","target":["https:\/\/flatmaningatlan.hu\/contact-page\/"]}]},{"@type":"BreadcrumbList","@id":"https:\/\/flatmaningatlan.hu\/contact-page\/#breadcrumb","itemListElement":[{"@type":"ListItem","position":1,"name":"Kezd\u0151lap","item":"https:\/\/flatmaningatlan.hu\/"},{"@type":"ListItem","position":2,"name":"Kapcsolat"}]},{"@type":"WebSite","@id":"https:\/\/flatmaningatlan.hu\/#website","url":"https:\/\/flatmaningatlan.hu\/","name":"Flatman Ingatlan","description":"Realty services, property renting Budapest","publisher":{"@id":"https:\/\/flatmaningatlan.hu\/#\/schema\/person\/97c24fe928506f56a0e584534765f477"},"potentialAction":[{"@type":"SearchAction","target":{"@type":"EntryPoint","urlTemplate":"https:\/\/flatmaningatlan.hu\/?s={search_term_string}"},"query-input":{"@type":"PropertyValueSpecification","valueRequired":true,"valueName":"search_term_string"}}],"inLanguage":"en-GB"},{"@type":["Person","Organization"],"@id":"https:\/\/flatmaningatlan.hu\/#\/schema\/person\/97c24fe928506f56a0e584534765f477","name":"Peter Karner","image":{"@type":"ImageObject","inLanguage":"en-GB","@id":"https:\/\/flatmaningatlan.hu\/wp-content\/uploads\/2024\/11\/flatmanprofilecard-2.jpeg","url":"https:\/\/flatmaningatlan.hu\/wp-content\/uploads\/2024\/11\/flatmanprofilecard-2.jpeg","contentUrl":"https:\/\/flatmaningatlan.hu\/wp-content\/uploads\/2024\/11\/flatmanprofilecard-2.jpeg","width":459,"height":459,"caption":"Karner P\u00e9ter"},"logo":{"@id":"https:\/\/flatmaningatlan.hu\/wp-content\/uploads\/2024\/11\/flatmanprofilecard-2.jpeg"},"sameAs":["https:\/\/flatmaningatlan.hu"],"publishingPrinciples":"https:\/\/flatmaningatlan.hu\/privacy-policy\/","ownershipFundingInfo":"https:\/\/flatmaningatlan.hu\/privacy-policy\/"}]}},"_links":{"self":[{"href":"https:\/\/flatmaningatlan.hu\/en\/wp-json\/wp\/v2\/pages\/23739","targetHints":{"allow":["GET"]}}],"collection":[{"href":"https:\/\/flatmaningatlan.hu\/en\/wp-json\/wp\/v2\/pages"}],"about":[{"href":"https:\/\/flatmaningatlan.hu\/en\/wp-json\/wp\/v2\/types\/page"}],"author":[{"embeddable":true,"href":"https:\/\/flatmaningatlan.hu\/en\/wp-json\/wp\/v2\/users\/1"}],"replies":[{"embeddable":true,"href":"https:\/\/flatmaningatlan.hu\/en\/wp-json\/wp\/v2\/comments?post=23739"}],"version-history":[{"count":0,"href":"https:\/\/flatmaningatlan.hu\/en\/wp-json\/wp\/v2\/pages\/23739\/revisions"}],"wp:attachment":[{"href":"https:\/\/flatmaningatlan.hu\/en\/wp-json\/wp\/v2\/media?parent=23739"}],"curies":[{"name":"wp","href":"https:\/\/api.w.org\/{rel}","templated":true}]}}