{"id":23711,"date":"2024-01-22T17:26:42","date_gmt":"2024-01-22T16:26:42","guid":{"rendered":"https:\/\/flatmaningatlan.hu\/?page_id=23711"},"modified":"2024-11-03T15:24:16","modified_gmt":"2024-11-03T14:24:16","slug":"about-page","status":"publish","type":"page","link":"https:\/\/flatmaningatlan.hu\/en\/about-page\/","title":{"rendered":"Bemutatkoz\u00e1s"},"content":{"rendered":"<div data-elementor-type=\"wp-page\" data-elementor-id=\"23711\" class=\"elementor elementor-23711\" data-elementor-post-type=\"page\">\n\t\t\t\t<div class=\"elementor-element elementor-element-7947808e e-flex e-con-boxed e-con e-parent\" data-id=\"7947808e\" data-element_type=\"container\" data-e-type=\"container\">\n\t\t\t\t\t<div class=\"e-con-inner\">\n\t\t<div class=\"elementor-element elementor-element-55432dd8 e-grid e-con-boxed e-con e-child\" data-id=\"55432dd8\" data-element_type=\"container\" data-e-type=\"container\" data-settings=\"{&quot;background_background&quot;:&quot;classic&quot;}\">\n\t\t\t\t\t<div class=\"e-con-inner\">\n\t\t\t\t<div class=\"elementor-element elementor-element-5a2252c9 elementor-widget elementor-widget-image\" data-id=\"5a2252c9\" data-element_type=\"widget\" data-e-type=\"widget\" data-widget_type=\"image.default\">\n\t\t\t\t<div class=\"elementor-widget-container\">\n\t\t\t\t\t\t\t\t\t\t\t\t\t\t\t<img fetchpriority=\"high\" decoding=\"async\" width=\"459\" height=\"459\" src=\"https:\/\/flatmaningatlan.hu\/wp-content\/uploads\/2024\/11\/flatmanprofilecard-2.jpeg\" class=\"attachment-full size-full wp-image-25159\" alt=\"flatman profile image\" srcset=\"https:\/\/flatmaningatlan.hu\/wp-content\/uploads\/2024\/11\/flatmanprofilecard-2.jpeg 459w, https:\/\/flatmaningatlan.hu\/wp-content\/uploads\/2024\/11\/flatmanprofilecard-2-300x300.jpeg 300w, https:\/\/flatmaningatlan.hu\/wp-content\/uploads\/2024\/11\/flatmanprofilecard-2-150x150.jpeg 150w, https:\/\/flatmaningatlan.hu\/wp-content\/uploads\/2024\/11\/flatmanprofilecard-2-12x12.jpeg 12w\" sizes=\"(max-width: 459px) 100vw, 459px\" \/>\t\t\t\t\t\t\t\t\t\t\t\t\t\t\t<\/div>\n\t\t\t\t<\/div>\n\t\t\t\t<div class=\"elementor-element elementor-element-5327dcaf elementor-widget elementor-widget-text-editor\" data-id=\"5327dcaf\" data-element_type=\"widget\" data-e-type=\"widget\" data-widget_type=\"text-editor.default\">\n\t\t\t\t<div class=\"elementor-widget-container\">\n\t\t\t\t\t\t\t\t\t<p>Welcome to my website! I work as an independent real estate agent registered in the real estate brokerage directory in Budapest. I have many years of experience in both sales and rentals. I particularly enjoy dealing with rentals, and over the years I have developed a great understanding of people, which is especially necessary in rentals because it\u2019s not just about the finances but also about establishing long-term mutual trust between the parties. As an agent, I always strive to ensure that both parties are satisfied until the lease agreement expires, and that my clients will call on me again as a reliable and proven professional.<\/p>\n<p class=\"translation-block\">Unlike large networks, my goal is never to accumulate assignments. I firmly believe that only with a smaller portfolio can adequate attention be given to each property and its owners. I actively collaborate with my clients to properly prepare properties for the market, ensuring they find a buyer or tenant as quickly as possible. I also place special emphasis on maintaining continuous communication with my clients throughout the entire transaction process, up to its completion.<\/p>\n<p>For sales, I charge a 2% commission, but I am open to negotiating individual fees, considering the value of the property. Due to my VAT exemption status, the service fee is not subject to VAT.<\/p>\n<p><b>Peter Karner<\/b><br \/>certified real estate agent, rental specialist<\/p>\n<p><!-- \/wp:paragraph --><\/p>\n<p><!-- wp:paragraph --><\/p>\t\t\t\t\t\t\t\t<\/div>\n\t\t\t\t<\/div>\n\t\t\t\t\t<\/div>\n\t\t\t\t<\/div>\n\t\t\t\t\t<\/div>\n\t\t\t\t<\/div>\n\t\t\t\t<\/div>","protected":false},"excerpt":{"rendered":"<p>Szeretettel k\u00f6sz\u00f6nt\u00f6m az oldalamon! Az ingatlank\u00f6zvet\u00edt\u0151i n\u00e9vjegyz\u00e9kbe bejegyzett,\u00a0\u00a0f\u00fcggetlen ingatlank\u00f6zvet\u00edt\u0151k\u00e9nt dolgozom Budapesten. Sok\u00e9ves tapasztalattal rendelkezem mind az \u00e9rt\u00e9kes\u00edt\u00e9s, mind a b\u00e9rbead\u00e1s ter\u00fclet\u00e9n. B\u00e9rbead\u00e1ssal kiv\u00e1ltk\u00e9pp sz\u00edvesen foglalkozom, az \u00e9vek sor\u00e1n kiemelked\u0151 emberismeretre tettem szert, amire a b\u00e9rbead\u00e1sn\u00e1l k\u00fcl\u00f6n\u00f6sen nagy sz\u00fcks\u00e9g van, hiszen itt nem csup\u00e1n az anyagiak vannak f\u00f3kuszban, hanem a hossz\u00fat\u00e1v\u00fa k\u00f6lcs\u00f6n\u00f6s bizalmat is meg kell [&hellip;]<\/p>\n","protected":false},"author":6,"featured_media":0,"parent":0,"menu_order":0,"comment_status":"closed","ping_status":"closed","template":"elementor_header_footer","meta":{"footnotes":""},"class_list":["post-23711","page","type-page","status-publish","hentry"],"yoast_head":"<!-- This site is optimized with the Yoast SEO Premium plugin v27.5 (Yoast SEO v27.5) - https:\/\/yoast.com\/product\/yoast-seo-premium-wordpress\/ -->\n<title>Bemutatkoz\u00e1s - Flatman Ingatlan<\/title>\n<meta name=\"robots\" content=\"index, follow, max-snippet:-1, max-image-preview:large, max-video-preview:-1\" \/>\n<link rel=\"canonical\" href=\"https:\/\/flatmaningatlan.hu\/en\/about-page\/\" \/>\n<meta property=\"og:locale\" content=\"en_GB\" \/>\n<meta property=\"og:type\" content=\"article\" \/>\n<meta property=\"og:title\" content=\"Bemutatkoz\u00e1s\" \/>\n<meta property=\"og:description\" content=\"Szeretettel k\u00f6sz\u00f6nt\u00f6m az oldalamon! Az ingatlank\u00f6zvet\u00edt\u0151i n\u00e9vjegyz\u00e9kbe bejegyzett,\u00a0\u00a0f\u00fcggetlen ingatlank\u00f6zvet\u00edt\u0151k\u00e9nt dolgozom Budapesten. Sok\u00e9ves tapasztalattal rendelkezem mind az \u00e9rt\u00e9kes\u00edt\u00e9s, mind a b\u00e9rbead\u00e1s ter\u00fclet\u00e9n. B\u00e9rbead\u00e1ssal kiv\u00e1ltk\u00e9pp sz\u00edvesen foglalkozom, az \u00e9vek sor\u00e1n kiemelked\u0151 emberismeretre tettem szert, amire a b\u00e9rbead\u00e1sn\u00e1l k\u00fcl\u00f6n\u00f6sen nagy sz\u00fcks\u00e9g van, hiszen itt nem csup\u00e1n az anyagiak vannak f\u00f3kuszban, hanem a hossz\u00fat\u00e1v\u00fa k\u00f6lcs\u00f6n\u00f6s bizalmat is meg kell [&hellip;]\" \/>\n<meta property=\"og:url\" content=\"https:\/\/flatmaningatlan.hu\/en\/about-page\/\" \/>\n<meta property=\"og:site_name\" content=\"Flatman Ingatlan\" \/>\n<meta property=\"article:modified_time\" content=\"2024-11-03T14:24:16+00:00\" \/>\n<meta property=\"og:image\" content=\"https:\/\/flatmaningatlan.hu\/wp-content\/uploads\/2024\/11\/flatmanprofilecard-2.jpeg\" \/>\n\t<meta property=\"og:image:width\" content=\"459\" \/>\n\t<meta property=\"og:image:height\" content=\"459\" \/>\n\t<meta property=\"og:image:type\" content=\"image\/jpeg\" \/>\n<meta name=\"twitter:card\" content=\"summary_large_image\" \/>\n<meta name=\"twitter:label1\" content=\"Estimated reading time\" \/>\n\t<meta name=\"twitter:data1\" content=\"2 minutes\" \/>\n<script type=\"application\/ld+json\" class=\"yoast-schema-graph\">{\"@context\":\"https:\\\/\\\/schema.org\",\"@graph\":[{\"@type\":\"WebPage\",\"@id\":\"https:\\\/\\\/flatmaningatlan.hu\\\/about-page\\\/\",\"url\":\"https:\\\/\\\/flatmaningatlan.hu\\\/about-page\\\/\",\"name\":\"Bemutatkoz\u00e1s - Flatman Ingatlan\",\"isPartOf\":{\"@id\":\"https:\\\/\\\/flatmaningatlan.hu\\\/#website\"},\"primaryImageOfPage\":{\"@id\":\"https:\\\/\\\/flatmaningatlan.hu\\\/about-page\\\/#primaryimage\"},\"image\":{\"@id\":\"https:\\\/\\\/flatmaningatlan.hu\\\/about-page\\\/#primaryimage\"},\"thumbnailUrl\":\"https:\\\/\\\/flatmaningatlan.hu\\\/wp-content\\\/uploads\\\/2024\\\/11\\\/flatmanprofilecard-2.jpeg\",\"datePublished\":\"2024-01-22T16:26:42+00:00\",\"dateModified\":\"2024-11-03T14:24:16+00:00\",\"breadcrumb\":{\"@id\":\"https:\\\/\\\/flatmaningatlan.hu\\\/about-page\\\/#breadcrumb\"},\"inLanguage\":\"en-GB\",\"potentialAction\":[{\"@type\":\"ReadAction\",\"target\":[\"https:\\\/\\\/flatmaningatlan.hu\\\/about-page\\\/\"]}]},{\"@type\":\"ImageObject\",\"inLanguage\":\"en-GB\",\"@id\":\"https:\\\/\\\/flatmaningatlan.hu\\\/about-page\\\/#primaryimage\",\"url\":\"https:\\\/\\\/flatmaningatlan.hu\\\/wp-content\\\/uploads\\\/2024\\\/11\\\/flatmanprofilecard-2.jpeg\",\"contentUrl\":\"https:\\\/\\\/flatmaningatlan.hu\\\/wp-content\\\/uploads\\\/2024\\\/11\\\/flatmanprofilecard-2.jpeg\"},{\"@type\":\"BreadcrumbList\",\"@id\":\"https:\\\/\\\/flatmaningatlan.hu\\\/about-page\\\/#breadcrumb\",\"itemListElement\":[{\"@type\":\"ListItem\",\"position\":1,\"name\":\"Kezd\u0151lap\",\"item\":\"https:\\\/\\\/flatmaningatlan.hu\\\/\"},{\"@type\":\"ListItem\",\"position\":2,\"name\":\"Bemutatkoz\u00e1s\"}]},{\"@type\":\"WebSite\",\"@id\":\"https:\\\/\\\/flatmaningatlan.hu\\\/#website\",\"url\":\"https:\\\/\\\/flatmaningatlan.hu\\\/\",\"name\":\"Flatman Ingatlan\",\"description\":\"Ingatlank\u00f6zvet\u00edt\u00e9s, ingatlan b\u00e9rbead\u00e1s Budapesten\",\"publisher\":{\"@id\":\"https:\\\/\\\/flatmaningatlan.hu\\\/#\\\/schema\\\/person\\\/97c24fe928506f56a0e584534765f477\"},\"potentialAction\":[{\"@type\":\"SearchAction\",\"target\":{\"@type\":\"EntryPoint\",\"urlTemplate\":\"https:\\\/\\\/flatmaningatlan.hu\\\/?s={search_term_string}\"},\"query-input\":{\"@type\":\"PropertyValueSpecification\",\"valueRequired\":true,\"valueName\":\"search_term_string\"}}],\"inLanguage\":\"en-GB\"},{\"@type\":[\"Person\",\"Organization\"],\"@id\":\"https:\\\/\\\/flatmaningatlan.hu\\\/#\\\/schema\\\/person\\\/97c24fe928506f56a0e584534765f477\",\"name\":\"Karner P\u00e9ter\",\"image\":{\"@type\":\"ImageObject\",\"inLanguage\":\"en-GB\",\"@id\":\"https:\\\/\\\/flatmaningatlan.hu\\\/wp-content\\\/uploads\\\/2024\\\/11\\\/flatmanprofilecard-2.jpeg\",\"url\":\"https:\\\/\\\/flatmaningatlan.hu\\\/wp-content\\\/uploads\\\/2024\\\/11\\\/flatmanprofilecard-2.jpeg\",\"contentUrl\":\"https:\\\/\\\/flatmaningatlan.hu\\\/wp-content\\\/uploads\\\/2024\\\/11\\\/flatmanprofilecard-2.jpeg\",\"width\":459,\"height\":459,\"caption\":\"Karner P\u00e9ter\"},\"logo\":{\"@id\":\"https:\\\/\\\/flatmaningatlan.hu\\\/wp-content\\\/uploads\\\/2024\\\/11\\\/flatmanprofilecard-2.jpeg\"},\"sameAs\":[\"https:\\\/\\\/flatmaningatlan.hu\"],\"publishingPrinciples\":\"https:\\\/\\\/flatmaningatlan.hu\\\/privacy-policy\\\/\",\"ownershipFundingInfo\":\"https:\\\/\\\/flatmaningatlan.hu\\\/privacy-policy\\\/\"}]}<\/script>\n<!-- \/ Yoast SEO Premium plugin. -->","yoast_head_json":{"title":"Bemutatkoz\u00e1s - Flatman Ingatlan","robots":{"index":"index","follow":"follow","max-snippet":"max-snippet:-1","max-image-preview":"max-image-preview:large","max-video-preview":"max-video-preview:-1"},"canonical":"https:\/\/flatmaningatlan.hu\/en\/about-page\/","og_locale":"en_GB","og_type":"article","og_title":"Bemutatkoz\u00e1s","og_description":"Szeretettel k\u00f6sz\u00f6nt\u00f6m az oldalamon! Az ingatlank\u00f6zvet\u00edt\u0151i n\u00e9vjegyz\u00e9kbe bejegyzett,\u00a0\u00a0f\u00fcggetlen ingatlank\u00f6zvet\u00edt\u0151k\u00e9nt dolgozom Budapesten. Sok\u00e9ves tapasztalattal rendelkezem mind az \u00e9rt\u00e9kes\u00edt\u00e9s, mind a b\u00e9rbead\u00e1s ter\u00fclet\u00e9n. B\u00e9rbead\u00e1ssal kiv\u00e1ltk\u00e9pp sz\u00edvesen foglalkozom, az \u00e9vek sor\u00e1n kiemelked\u0151 emberismeretre tettem szert, amire a b\u00e9rbead\u00e1sn\u00e1l k\u00fcl\u00f6n\u00f6sen nagy sz\u00fcks\u00e9g van, hiszen itt nem csup\u00e1n az anyagiak vannak f\u00f3kuszban, hanem a hossz\u00fat\u00e1v\u00fa k\u00f6lcs\u00f6n\u00f6s bizalmat is meg kell [&hellip;]","og_url":"https:\/\/flatmaningatlan.hu\/en\/about-page\/","og_site_name":"Flatman Ingatlan","article_modified_time":"2024-11-03T14:24:16+00:00","og_image":[{"width":459,"height":459,"url":"https:\/\/flatmaningatlan.hu\/wp-content\/uploads\/2024\/11\/flatmanprofilecard-2.jpeg","type":"image\/jpeg"}],"twitter_card":"summary_large_image","twitter_misc":{"Estimated reading time":"2 minutes"},"schema":{"@context":"https:\/\/schema.org","@graph":[{"@type":"WebPage","@id":"https:\/\/flatmaningatlan.hu\/about-page\/","url":"https:\/\/flatmaningatlan.hu\/about-page\/","name":"Bemutatkoz\u00e1s - Flatman Ingatlan","isPartOf":{"@id":"https:\/\/flatmaningatlan.hu\/#website"},"primaryImageOfPage":{"@id":"https:\/\/flatmaningatlan.hu\/about-page\/#primaryimage"},"image":{"@id":"https:\/\/flatmaningatlan.hu\/about-page\/#primaryimage"},"thumbnailUrl":"https:\/\/flatmaningatlan.hu\/wp-content\/uploads\/2024\/11\/flatmanprofilecard-2.jpeg","datePublished":"2024-01-22T16:26:42+00:00","dateModified":"2024-11-03T14:24:16+00:00","breadcrumb":{"@id":"https:\/\/flatmaningatlan.hu\/about-page\/#breadcrumb"},"inLanguage":"en-GB","potentialAction":[{"@type":"ReadAction","target":["https:\/\/flatmaningatlan.hu\/about-page\/"]}]},{"@type":"ImageObject","inLanguage":"en-GB","@id":"https:\/\/flatmaningatlan.hu\/about-page\/#primaryimage","url":"https:\/\/flatmaningatlan.hu\/wp-content\/uploads\/2024\/11\/flatmanprofilecard-2.jpeg","contentUrl":"https:\/\/flatmaningatlan.hu\/wp-content\/uploads\/2024\/11\/flatmanprofilecard-2.jpeg"},{"@type":"BreadcrumbList","@id":"https:\/\/flatmaningatlan.hu\/about-page\/#breadcrumb","itemListElement":[{"@type":"ListItem","position":1,"name":"Kezd\u0151lap","item":"https:\/\/flatmaningatlan.hu\/"},{"@type":"ListItem","position":2,"name":"Bemutatkoz\u00e1s"}]},{"@type":"WebSite","@id":"https:\/\/flatmaningatlan.hu\/#website","url":"https:\/\/flatmaningatlan.hu\/","name":"Flatman Ingatlan","description":"Realty services, property renting Budapest","publisher":{"@id":"https:\/\/flatmaningatlan.hu\/#\/schema\/person\/97c24fe928506f56a0e584534765f477"},"potentialAction":[{"@type":"SearchAction","target":{"@type":"EntryPoint","urlTemplate":"https:\/\/flatmaningatlan.hu\/?s={search_term_string}"},"query-input":{"@type":"PropertyValueSpecification","valueRequired":true,"valueName":"search_term_string"}}],"inLanguage":"en-GB"},{"@type":["Person","Organization"],"@id":"https:\/\/flatmaningatlan.hu\/#\/schema\/person\/97c24fe928506f56a0e584534765f477","name":"Peter Karner","image":{"@type":"ImageObject","inLanguage":"en-GB","@id":"https:\/\/flatmaningatlan.hu\/wp-content\/uploads\/2024\/11\/flatmanprofilecard-2.jpeg","url":"https:\/\/flatmaningatlan.hu\/wp-content\/uploads\/2024\/11\/flatmanprofilecard-2.jpeg","contentUrl":"https:\/\/flatmaningatlan.hu\/wp-content\/uploads\/2024\/11\/flatmanprofilecard-2.jpeg","width":459,"height":459,"caption":"Karner P\u00e9ter"},"logo":{"@id":"https:\/\/flatmaningatlan.hu\/wp-content\/uploads\/2024\/11\/flatmanprofilecard-2.jpeg"},"sameAs":["https:\/\/flatmaningatlan.hu"],"publishingPrinciples":"https:\/\/flatmaningatlan.hu\/privacy-policy\/","ownershipFundingInfo":"https:\/\/flatmaningatlan.hu\/privacy-policy\/"}]}},"_links":{"self":[{"href":"https:\/\/flatmaningatlan.hu\/en\/wp-json\/wp\/v2\/pages\/23711","targetHints":{"allow":["GET"]}}],"collection":[{"href":"https:\/\/flatmaningatlan.hu\/en\/wp-json\/wp\/v2\/pages"}],"about":[{"href":"https:\/\/flatmaningatlan.hu\/en\/wp-json\/wp\/v2\/types\/page"}],"author":[{"embeddable":true,"href":"https:\/\/flatmaningatlan.hu\/en\/wp-json\/wp\/v2\/users\/6"}],"replies":[{"embeddable":true,"href":"https:\/\/flatmaningatlan.hu\/en\/wp-json\/wp\/v2\/comments?post=23711"}],"version-history":[{"count":0,"href":"https:\/\/flatmaningatlan.hu\/en\/wp-json\/wp\/v2\/pages\/23711\/revisions"}],"wp:attachment":[{"href":"https:\/\/flatmaningatlan.hu\/en\/wp-json\/wp\/v2\/media?parent=23711"}],"curies":[{"name":"wp","href":"https:\/\/api.w.org\/{rel}","templated":true}]}}