{"id":17967,"date":"2023-03-18T18:57:53","date_gmt":"2023-03-18T17:57:53","guid":{"rendered":"https:\/\/flatmaningatlan.hu\/?page_id=17967"},"modified":"2026-04-23T12:16:22","modified_gmt":"2026-04-23T10:16:22","slug":"for-landlords-page","status":"publish","type":"page","link":"https:\/\/flatmaningatlan.hu\/en\/for-landlords-page\/","title":{"rendered":"Our offer to landlords"},"content":{"rendered":"<div data-elementor-type=\"wp-page\" data-elementor-id=\"17967\" class=\"elementor elementor-17967\" data-elementor-post-type=\"page\">\n\t\t\t\t<section class=\"elementor-element elementor-element-2c751d5 e-con-full e-flex e-con e-parent\" data-id=\"2c751d5\" data-element_type=\"container\" data-e-type=\"container\">\n\t\t<div class=\"elementor-element elementor-element-0bcd35f e-flex e-con-boxed e-con e-child\" data-id=\"0bcd35f\" data-element_type=\"container\" data-e-type=\"container\" data-settings=\"{&quot;background_background&quot;:&quot;classic&quot;}\">\n\t\t\t\t\t<div class=\"e-con-inner\">\n\t\t\t\t<div class=\"elementor-element elementor-element-3cd751c elementor-widget elementor-widget-heading\" data-id=\"3cd751c\" data-element_type=\"widget\" data-e-type=\"widget\" data-widget_type=\"heading.default\">\n\t\t\t\t<div class=\"elementor-widget-container\">\n\t\t\t\t\t<h1 class=\"elementor-heading-title elementor-size-default\">Our offer to landlords<\/h1>\t\t\t\t<\/div>\n\t\t\t\t<\/div>\n\t\t<div class=\"elementor-element elementor-element-28c115e e-flex e-con-boxed e-con e-child\" data-id=\"28c115e\" data-element_type=\"container\" data-e-type=\"container\">\n\t\t\t\t\t<div class=\"e-con-inner\">\n\t\t\t\t<div class=\"elementor-element elementor-element-afee356 elementor-widget elementor-widget-image\" data-id=\"afee356\" data-element_type=\"widget\" data-e-type=\"widget\" data-widget_type=\"image.default\">\n\t\t\t\t<div class=\"elementor-widget-container\">\n\t\t\t\t\t\t\t\t\t\t\t\t\t\t\t\t<a href=\"https:\/\/flatmaningatlan.hu\/wp-content\/uploads\/2024\/11\/flatmancampaignimage-2-_2_.webp\" data-elementor-open-lightbox=\"yes\" data-elementor-lightbox-title=\"flatman campaign image\" data-elementor-lightbox-description=\"flatmancampaignimage 2 2 \" data-e-action-hash=\"#elementor-action%3Aaction%3Dlightbox%26settings%3DeyJpZCI6MjUxNjQsInVybCI6Imh0dHBzOlwvXC9mbGF0bWFuaW5nYXRsYW4uaHVcL3dwLWNvbnRlbnRcL3VwbG9hZHNcLzIwMjRcLzExXC9mbGF0bWFuY2FtcGFpZ25pbWFnZS0yLV8yXy53ZWJwIn0%3D\">\n\t\t\t\t\t\t\t<img decoding=\"async\" src=\"https:\/\/flatmaningatlan.hu\/wp-content\/uploads\/2024\/11\/flatmancampaignimage-2-_2_-758x564.webp\" title=\"flatman campaign image\" alt=\"flatman campaign image\" loading=\"lazy\" \/>\t\t\t\t\t\t\t\t<\/a>\n\t\t\t\t\t\t\t\t\t\t\t\t\t\t\t<\/div>\n\t\t\t\t<\/div>\n\t\t<div class=\"elementor-element elementor-element-49582f7 e-con-full e-flex e-con e-child\" data-id=\"49582f7\" data-element_type=\"container\" data-e-type=\"container\">\n\t\t\t\t<div class=\"elementor-element elementor-element-839648d elementor-widget elementor-widget-text-editor\" data-id=\"839648d\" data-element_type=\"widget\" data-e-type=\"widget\" data-widget_type=\"text-editor.default\">\n\t\t\t\t<div class=\"elementor-widget-container\">\n\t\t\t\t\t\t\t\t\t<p>B\u00edzza egy profira a lak\u00e1skiad\u00e1st! Budapest ter\u00fclet\u00e9n teljesk\u00f6r\u0171 szolg\u00e1ltat\u00e1st ny\u00fajtok a helysz\u00edni felm\u00e9r\u00e9st\u0151l kezdve eg\u00e9szen a &nbsp;birtokbaad\u00e1sig.<\/p>\n<p>Ha biztosra szeretne menni a leend\u0151 b\u00e9rl\u0151vel, szerz\u0151d\u00e9sk\u00f6t\u00e9s el\u0151tt javasolt k\u00f6zjegyz\u0151h\u00f6z fordulni, ami ma m\u00e1r tudatos b\u00e9rbead\u00e1si gyakorlatnak sz\u00e1m\u00edt.<\/p>\n<p><strong>Megb\u00edz\u00f3imt\u00f3l most \u00e1tv\u00e1llalom a k\u00f6zjegyz\u0151i kik\u00f6lt\u00f6z\u00e9si nyilatkozat d\u00edj\u00e1nak 50%-\u00e1t!*<\/strong><\/p>\t\t\t\t\t\t\t\t<\/div>\n\t\t\t\t<\/div>\n\t\t\t\t<div class=\"elementor-element elementor-element-8fdd41b elementor-widget elementor-widget-button\" data-id=\"8fdd41b\" data-element_type=\"widget\" data-e-type=\"widget\" data-widget_type=\"button.default\">\n\t\t\t\t<div class=\"elementor-widget-container\">\n\t\t\t\t\t\t\t\t\t<div class=\"elementor-button-wrapper\">\n\t\t\t\t\t<a class=\"elementor-button elementor-button-link elementor-size-sm elementor-animation-push\" href=\"https:\/\/flatmaningatlan.hu\/en\/egyoldalu-kikoltozesi-nyilatkozat-a-legelterjedtebb-kozjegyzoi-okirati-forma-lakasberlet-eseten\/\">\n\t\t\t\t\t\t<span class=\"elementor-button-content-wrapper\">\n\t\t\t\t\t\t<span class=\"elementor-button-icon\">\n\t\t\t\t<i aria-hidden=\"true\" class=\"far fa-hand-pointer\"><\/i>\t\t\t<\/span>\n\t\t\t\t\t\t\t\t\t<span class=\"elementor-button-text\">B\u0151vebben a kik\u00f6lt\u00f6z\u00e9si nyilatkozatr\u00f3l<\/span>\n\t\t\t\t\t<\/span>\n\t\t\t\t\t<\/a>\n\t\t\t\t<\/div>\n\t\t\t\t\t\t\t\t<\/div>\n\t\t\t\t<\/div>\n\t\t\t\t<div class=\"elementor-element elementor-element-9bd28d7 elementor-widget elementor-widget-text-editor\" data-id=\"9bd28d7\" data-element_type=\"widget\" data-e-type=\"widget\" data-widget_type=\"text-editor.default\">\n\t\t\t\t<div class=\"elementor-widget-container\">\n\t\t\t\t\t\t\t\t\t<p>In addition to rentals, I also handle properties for sale in Budapest. In such cases, the brokerage fee is 1.5\u20132%. \u00a0<\/p><p>I work exclusively with private individuals, and my services are not subject to VAT.<\/p><p>It sounds good, doesn't it? I look forward to receiving your esteemed call or message!<\/p><p><i>*visszavon\u00e1sig \u00e9rv\u00e9nyes aj\u00e1nlat<\/i><\/p>\t\t\t\t\t\t\t\t<\/div>\n\t\t\t\t<\/div>\n\t\t\t\t<div class=\"elementor-element elementor-element-2d099cd elementor-align-left elementor-mobile-align-center elementor-widget elementor-widget-button\" data-id=\"2d099cd\" data-element_type=\"widget\" data-e-type=\"widget\" data-widget_type=\"button.default\">\n\t\t\t\t<div class=\"elementor-widget-container\">\n\t\t\t\t\t\t\t\t\t<div class=\"elementor-button-wrapper\">\n\t\t\t\t\t<a class=\"elementor-button elementor-button-link elementor-size-sm elementor-animation-push\" href=\"tel:+36%2020%20926%200345\">\n\t\t\t\t\t\t<span class=\"elementor-button-content-wrapper\">\n\t\t\t\t\t\t<span class=\"elementor-button-icon\">\n\t\t\t\t<i aria-hidden=\"true\" class=\"fas fa-phone-alt\"><\/i>\t\t\t<\/span>\n\t\t\t\t\t\t\t\t\t<span class=\"elementor-button-text\">+36 20 926 0345<\/span>\n\t\t\t\t\t<\/span>\n\t\t\t\t\t<\/a>\n\t\t\t\t<\/div>\n\t\t\t\t\t\t\t\t<\/div>\n\t\t\t\t<\/div>\n\t\t\t\t<\/div>\n\t\t\t\t\t<\/div>\n\t\t\t\t<\/div>\n\t\t\t\t\t<\/div>\n\t\t\t\t<\/div>\n\t\t\t\t<\/section>\n\t\t\t\t<\/div>","protected":false},"excerpt":{"rendered":"<p>Aj\u00e1nlat b\u00e9rbead\u00f3knak B\u00edzza egy profira a lak\u00e1skiad\u00e1st! Budapest ter\u00fclet\u00e9n teljesk\u00f6r\u0171 szolg\u00e1ltat\u00e1st ny\u00fajtok a helysz\u00edni felm\u00e9r\u00e9st\u0151l kezdve eg\u00e9szen a &nbsp;birtokbaad\u00e1sig. Ha biztosra szeretne menni a leend\u0151 b\u00e9rl\u0151vel, szerz\u0151d\u00e9sk\u00f6t\u00e9s el\u0151tt javasolt k\u00f6zjegyz\u0151h\u00f6z fordulni, ami ma m\u00e1r tudatos b\u00e9rbead\u00e1si gyakorlatnak sz\u00e1m\u00edt. Megb\u00edz\u00f3imt\u00f3l most \u00e1tv\u00e1llalom a k\u00f6zjegyz\u0151i kik\u00f6lt\u00f6z\u00e9si nyilatkozat d\u00edj\u00e1nak 50%-\u00e1t!* B\u0151vebben a kik\u00f6lt\u00f6z\u00e9si nyilatkozatr\u00f3l A b\u00e9rbead\u00e1s mellett term\u00e9szetesen [&hellip;]<\/p>\n","protected":false},"author":1,"featured_media":0,"parent":0,"menu_order":0,"comment_status":"closed","ping_status":"closed","template":"elementor_header_footer","meta":{"footnotes":""},"class_list":["post-17967","page","type-page","status-publish","hentry"],"yoast_head":"<!-- This site is optimized with the Yoast SEO Premium plugin v27.4 (Yoast SEO v27.4) - https:\/\/yoast.com\/product\/yoast-seo-premium-wordpress\/ -->\n<title>Aj\u00e1nlat b\u00e9rbead\u00f3knak - Flatman Ingatlan<\/title>\n<meta name=\"robots\" content=\"index, follow, max-snippet:-1, max-image-preview:large, max-video-preview:-1\" \/>\n<link rel=\"canonical\" href=\"https:\/\/flatmaningatlan.hu\/en\/for-landlords-page\/\" \/>\n<meta property=\"og:locale\" content=\"en_GB\" \/>\n<meta property=\"og:type\" content=\"article\" \/>\n<meta property=\"og:title\" content=\"Aj\u00e1nlat b\u00e9rbead\u00f3knak\" \/>\n<meta property=\"og:description\" content=\"Most jelent\u0151s kedvezm\u00e9nnyel\" \/>\n<meta property=\"og:url\" content=\"https:\/\/flatmaningatlan.hu\/en\/for-landlords-page\/\" \/>\n<meta property=\"og:site_name\" content=\"Flatman Ingatlan\" \/>\n<meta property=\"article:modified_time\" content=\"2026-04-23T10:16:22+00:00\" \/>\n<meta property=\"og:image\" content=\"https:\/\/flatmaningatlan.hu\/wp-content\/uploads\/2024\/11\/flatmancampaignimage-2-_2_-758x564.webp\" \/>\n<meta name=\"twitter:card\" content=\"summary_large_image\" \/>\n<meta name=\"twitter:label1\" content=\"Estimated reading time\" \/>\n\t<meta name=\"twitter:data1\" content=\"1 minute\" \/>\n<script type=\"application\/ld+json\" class=\"yoast-schema-graph\">{\"@context\":\"https:\\\/\\\/schema.org\",\"@graph\":[{\"@type\":\"WebPage\",\"@id\":\"https:\\\/\\\/flatmaningatlan.hu\\\/for-landlords-page\\\/\",\"url\":\"https:\\\/\\\/flatmaningatlan.hu\\\/for-landlords-page\\\/\",\"name\":\"Aj\u00e1nlat b\u00e9rbead\u00f3knak - Flatman Ingatlan\",\"isPartOf\":{\"@id\":\"https:\\\/\\\/flatmaningatlan.hu\\\/#website\"},\"primaryImageOfPage\":{\"@id\":\"https:\\\/\\\/flatmaningatlan.hu\\\/for-landlords-page\\\/#primaryimage\"},\"image\":{\"@id\":\"https:\\\/\\\/flatmaningatlan.hu\\\/for-landlords-page\\\/#primaryimage\"},\"thumbnailUrl\":\"https:\\\/\\\/flatmaningatlan.hu\\\/wp-content\\\/uploads\\\/2024\\\/11\\\/flatmancampaignimage-2-_2_-758x564.webp\",\"datePublished\":\"2023-03-18T17:57:53+00:00\",\"dateModified\":\"2026-04-23T10:16:22+00:00\",\"breadcrumb\":{\"@id\":\"https:\\\/\\\/flatmaningatlan.hu\\\/for-landlords-page\\\/#breadcrumb\"},\"inLanguage\":\"en-GB\",\"potentialAction\":[{\"@type\":\"ReadAction\",\"target\":[\"https:\\\/\\\/flatmaningatlan.hu\\\/for-landlords-page\\\/\"]}]},{\"@type\":\"ImageObject\",\"inLanguage\":\"en-GB\",\"@id\":\"https:\\\/\\\/flatmaningatlan.hu\\\/for-landlords-page\\\/#primaryimage\",\"url\":\"https:\\\/\\\/flatmaningatlan.hu\\\/wp-content\\\/uploads\\\/2024\\\/11\\\/flatmancampaignimage-2-_2_-758x564.webp\",\"contentUrl\":\"https:\\\/\\\/flatmaningatlan.hu\\\/wp-content\\\/uploads\\\/2024\\\/11\\\/flatmancampaignimage-2-_2_-758x564.webp\"},{\"@type\":\"BreadcrumbList\",\"@id\":\"https:\\\/\\\/flatmaningatlan.hu\\\/for-landlords-page\\\/#breadcrumb\",\"itemListElement\":[{\"@type\":\"ListItem\",\"position\":1,\"name\":\"Kezd\u0151lap\",\"item\":\"https:\\\/\\\/flatmaningatlan.hu\\\/\"},{\"@type\":\"ListItem\",\"position\":2,\"name\":\"Aj\u00e1nlat b\u00e9rbead\u00f3knak\"}]},{\"@type\":\"WebSite\",\"@id\":\"https:\\\/\\\/flatmaningatlan.hu\\\/#website\",\"url\":\"https:\\\/\\\/flatmaningatlan.hu\\\/\",\"name\":\"Flatman Ingatlan\",\"description\":\"Ingatlank\u00f6zvet\u00edt\u00e9s, ingatlan b\u00e9rbead\u00e1s Budapesten\",\"publisher\":{\"@id\":\"https:\\\/\\\/flatmaningatlan.hu\\\/#\\\/schema\\\/person\\\/97c24fe928506f56a0e584534765f477\"},\"potentialAction\":[{\"@type\":\"SearchAction\",\"target\":{\"@type\":\"EntryPoint\",\"urlTemplate\":\"https:\\\/\\\/flatmaningatlan.hu\\\/?s={search_term_string}\"},\"query-input\":{\"@type\":\"PropertyValueSpecification\",\"valueRequired\":true,\"valueName\":\"search_term_string\"}}],\"inLanguage\":\"en-GB\"},{\"@type\":[\"Person\",\"Organization\"],\"@id\":\"https:\\\/\\\/flatmaningatlan.hu\\\/#\\\/schema\\\/person\\\/97c24fe928506f56a0e584534765f477\",\"name\":\"Karner P\u00e9ter\",\"image\":{\"@type\":\"ImageObject\",\"inLanguage\":\"en-GB\",\"@id\":\"https:\\\/\\\/flatmaningatlan.hu\\\/wp-content\\\/uploads\\\/2024\\\/11\\\/flatmanprofilecard-2.jpeg\",\"url\":\"https:\\\/\\\/flatmaningatlan.hu\\\/wp-content\\\/uploads\\\/2024\\\/11\\\/flatmanprofilecard-2.jpeg\",\"contentUrl\":\"https:\\\/\\\/flatmaningatlan.hu\\\/wp-content\\\/uploads\\\/2024\\\/11\\\/flatmanprofilecard-2.jpeg\",\"width\":459,\"height\":459,\"caption\":\"Karner P\u00e9ter\"},\"logo\":{\"@id\":\"https:\\\/\\\/flatmaningatlan.hu\\\/wp-content\\\/uploads\\\/2024\\\/11\\\/flatmanprofilecard-2.jpeg\"},\"sameAs\":[\"https:\\\/\\\/flatmaningatlan.hu\"],\"publishingPrinciples\":\"https:\\\/\\\/flatmaningatlan.hu\\\/privacy-policy\\\/\",\"ownershipFundingInfo\":\"https:\\\/\\\/flatmaningatlan.hu\\\/privacy-policy\\\/\"}]}<\/script>\n<!-- \/ Yoast SEO Premium plugin. -->","yoast_head_json":{"title":"Aj\u00e1nlat b\u00e9rbead\u00f3knak - Flatman Ingatlan","robots":{"index":"index","follow":"follow","max-snippet":"max-snippet:-1","max-image-preview":"max-image-preview:large","max-video-preview":"max-video-preview:-1"},"canonical":"https:\/\/flatmaningatlan.hu\/en\/for-landlords-page\/","og_locale":"en_GB","og_type":"article","og_title":"Aj\u00e1nlat b\u00e9rbead\u00f3knak","og_description":"Most jelent\u0151s kedvezm\u00e9nnyel","og_url":"https:\/\/flatmaningatlan.hu\/en\/for-landlords-page\/","og_site_name":"Flatman Ingatlan","article_modified_time":"2026-04-23T10:16:22+00:00","og_image":[{"url":"https:\/\/flatmaningatlan.hu\/wp-content\/uploads\/2024\/11\/flatmancampaignimage-2-_2_-758x564.webp","type":"","width":"","height":""}],"twitter_card":"summary_large_image","twitter_misc":{"Estimated reading time":"1 minute"},"schema":{"@context":"https:\/\/schema.org","@graph":[{"@type":"WebPage","@id":"https:\/\/flatmaningatlan.hu\/for-landlords-page\/","url":"https:\/\/flatmaningatlan.hu\/for-landlords-page\/","name":"Aj\u00e1nlat b\u00e9rbead\u00f3knak - Flatman Ingatlan","isPartOf":{"@id":"https:\/\/flatmaningatlan.hu\/#website"},"primaryImageOfPage":{"@id":"https:\/\/flatmaningatlan.hu\/for-landlords-page\/#primaryimage"},"image":{"@id":"https:\/\/flatmaningatlan.hu\/for-landlords-page\/#primaryimage"},"thumbnailUrl":"https:\/\/flatmaningatlan.hu\/wp-content\/uploads\/2024\/11\/flatmancampaignimage-2-_2_-758x564.webp","datePublished":"2023-03-18T17:57:53+00:00","dateModified":"2026-04-23T10:16:22+00:00","breadcrumb":{"@id":"https:\/\/flatmaningatlan.hu\/for-landlords-page\/#breadcrumb"},"inLanguage":"en-GB","potentialAction":[{"@type":"ReadAction","target":["https:\/\/flatmaningatlan.hu\/for-landlords-page\/"]}]},{"@type":"ImageObject","inLanguage":"en-GB","@id":"https:\/\/flatmaningatlan.hu\/for-landlords-page\/#primaryimage","url":"https:\/\/flatmaningatlan.hu\/wp-content\/uploads\/2024\/11\/flatmancampaignimage-2-_2_-758x564.webp","contentUrl":"https:\/\/flatmaningatlan.hu\/wp-content\/uploads\/2024\/11\/flatmancampaignimage-2-_2_-758x564.webp"},{"@type":"BreadcrumbList","@id":"https:\/\/flatmaningatlan.hu\/for-landlords-page\/#breadcrumb","itemListElement":[{"@type":"ListItem","position":1,"name":"Kezd\u0151lap","item":"https:\/\/flatmaningatlan.hu\/"},{"@type":"ListItem","position":2,"name":"Aj\u00e1nlat b\u00e9rbead\u00f3knak"}]},{"@type":"WebSite","@id":"https:\/\/flatmaningatlan.hu\/#website","url":"https:\/\/flatmaningatlan.hu\/","name":"Flatman Ingatlan","description":"Realty services, property renting Budapest","publisher":{"@id":"https:\/\/flatmaningatlan.hu\/#\/schema\/person\/97c24fe928506f56a0e584534765f477"},"potentialAction":[{"@type":"SearchAction","target":{"@type":"EntryPoint","urlTemplate":"https:\/\/flatmaningatlan.hu\/?s={search_term_string}"},"query-input":{"@type":"PropertyValueSpecification","valueRequired":true,"valueName":"search_term_string"}}],"inLanguage":"en-GB"},{"@type":["Person","Organization"],"@id":"https:\/\/flatmaningatlan.hu\/#\/schema\/person\/97c24fe928506f56a0e584534765f477","name":"Peter Karner","image":{"@type":"ImageObject","inLanguage":"en-GB","@id":"https:\/\/flatmaningatlan.hu\/wp-content\/uploads\/2024\/11\/flatmanprofilecard-2.jpeg","url":"https:\/\/flatmaningatlan.hu\/wp-content\/uploads\/2024\/11\/flatmanprofilecard-2.jpeg","contentUrl":"https:\/\/flatmaningatlan.hu\/wp-content\/uploads\/2024\/11\/flatmanprofilecard-2.jpeg","width":459,"height":459,"caption":"Karner P\u00e9ter"},"logo":{"@id":"https:\/\/flatmaningatlan.hu\/wp-content\/uploads\/2024\/11\/flatmanprofilecard-2.jpeg"},"sameAs":["https:\/\/flatmaningatlan.hu"],"publishingPrinciples":"https:\/\/flatmaningatlan.hu\/privacy-policy\/","ownershipFundingInfo":"https:\/\/flatmaningatlan.hu\/privacy-policy\/"}]}},"_links":{"self":[{"href":"https:\/\/flatmaningatlan.hu\/en\/wp-json\/wp\/v2\/pages\/17967","targetHints":{"allow":["GET"]}}],"collection":[{"href":"https:\/\/flatmaningatlan.hu\/en\/wp-json\/wp\/v2\/pages"}],"about":[{"href":"https:\/\/flatmaningatlan.hu\/en\/wp-json\/wp\/v2\/types\/page"}],"author":[{"embeddable":true,"href":"https:\/\/flatmaningatlan.hu\/en\/wp-json\/wp\/v2\/users\/1"}],"replies":[{"embeddable":true,"href":"https:\/\/flatmaningatlan.hu\/en\/wp-json\/wp\/v2\/comments?post=17967"}],"version-history":[{"count":51,"href":"https:\/\/flatmaningatlan.hu\/en\/wp-json\/wp\/v2\/pages\/17967\/revisions"}],"predecessor-version":[{"id":25760,"href":"https:\/\/flatmaningatlan.hu\/en\/wp-json\/wp\/v2\/pages\/17967\/revisions\/25760"}],"wp:attachment":[{"href":"https:\/\/flatmaningatlan.hu\/en\/wp-json\/wp\/v2\/media?parent=17967"}],"curies":[{"name":"wp","href":"https:\/\/api.w.org\/{rel}","templated":true}]}}